{"id":3542,"date":"2024-01-15T17:04:20","date_gmt":"2024-01-15T17:04:20","guid":{"rendered":"https:\/\/integral-safe.com\/?page_id=3542"},"modified":"2024-01-31T16:59:23","modified_gmt":"2024-01-31T16:59:23","slug":"refund-policy","status":"publish","type":"page","link":"https:\/\/integral-safe.com\/de\/refund-policy\/","title":{"rendered":"Erstattungspolitik"},"content":{"rendered":"<div data-elementor-type=\"wp-page\" data-elementor-id=\"3542\" class=\"elementor elementor-3542\">\n\t\t\t\t\t\t\t\t\t<section class=\"elementor-section elementor-top-section elementor-element elementor-element-6f6abf8 elementor-section-boxed elementor-section-height-default elementor-section-height-default\" data-id=\"6f6abf8\" data-element_type=\"section\">\n\t\t\t\t\t\t<div class=\"elementor-container elementor-column-gap-default\">\n\t\t\t\t\t<div class=\"elementor-column elementor-col-100 elementor-top-column elementor-element elementor-element-01cfdfd\" data-id=\"01cfdfd\" data-element_type=\"column\">\n\t\t\t<div class=\"elementor-widget-wrap elementor-element-populated\">\n\t\t\t\t\t\t\t\t<div class=\"elementor-element elementor-element-dd0f3f6 elementor-absolute elementor-hidden-mobile_extra elementor-hidden-mobile elementor-widget elementor-widget-image\" data-id=\"dd0f3f6\" data-element_type=\"widget\" data-settings=\"{&quot;_position&quot;:&quot;absolute&quot;}\" data-widget_type=\"image.default\">\n\t\t\t\t<div class=\"elementor-widget-container\">\n\t\t\t<style>\/*! elementor - v3.6.6 - 08-06-2022 *\/\n.elementor-widget-image{text-align:center}.elementor-widget-image a{display:inline-block}.elementor-widget-image a img[src$=\".svg\"]{width:48px}.elementor-widget-image img{vertical-align:middle;display:inline-block}<\/style>\t\t\t\t\t\t\t\t\t\t\t\t<img decoding=\"async\" width=\"1001\" height=\"446\" src=\"https:\/\/integral-safe.com\/wp-content\/uploads\/2024\/01\/Group-15.png\" class=\"attachment-full size-full\" alt=\"\" srcset=\"https:\/\/integral-safe.com\/wp-content\/uploads\/2024\/01\/Group-15.png 1001w, https:\/\/integral-safe.com\/wp-content\/uploads\/2024\/01\/Group-15-300x134.png 300w, https:\/\/integral-safe.com\/wp-content\/uploads\/2024\/01\/Group-15-768x342.png 768w, https:\/\/integral-safe.com\/wp-content\/uploads\/2024\/01\/Group-15-600x267.png 600w\" sizes=\"(max-width: 1001px) 100vw, 1001px\" \/>\t\t\t\t\t\t\t\t\t\t\t\t\t\t\t<\/div>\n\t\t\t\t<\/div>\n\t\t\t\t<div class=\"elementor-element elementor-element-6a0fe96 elementor-widget__width-initial elementor-absolute light elementor-widget elementor-widget-image\" data-id=\"6a0fe96\" data-element_type=\"widget\" data-settings=\"{&quot;_position&quot;:&quot;absolute&quot;,&quot;_animation&quot;:&quot;none&quot;}\" data-widget_type=\"image.default\">\n\t\t\t\t<div class=\"elementor-widget-container\">\n\t\t\t\t\t\t\t\t\t\t\t\t\t\t\t<img decoding=\"async\" width=\"1431\" height=\"1337\" src=\"https:\/\/integral-safe.com\/wp-content\/uploads\/2022\/06\/Vector-17.svg\" class=\"attachment-large size-large\" alt=\"\" \/>\t\t\t\t\t\t\t\t\t\t\t\t\t\t\t<\/div>\n\t\t\t\t<\/div>\n\t\t\t\t<div class=\"elementor-element elementor-element-1b94db5 elementor-widget__width-initial elementor-absolute light elementor-widget elementor-widget-image\" data-id=\"1b94db5\" data-element_type=\"widget\" data-settings=\"{&quot;_position&quot;:&quot;absolute&quot;,&quot;_animation&quot;:&quot;none&quot;}\" data-widget_type=\"image.default\">\n\t\t\t\t<div class=\"elementor-widget-container\">\n\t\t\t\t\t\t\t\t\t\t\t\t\t\t\t<img decoding=\"async\" width=\"1431\" height=\"1337\" src=\"https:\/\/integral-safe.com\/wp-content\/uploads\/2022\/06\/Vector-17.svg\" class=\"attachment-full size-full\" alt=\"\" \/>\t\t\t\t\t\t\t\t\t\t\t\t\t\t\t<\/div>\n\t\t\t\t<\/div>\n\t\t\t\t<div class=\"elementor-element elementor-element-e71edf2 gradient-text elementor-widget elementor-widget-heading\" data-id=\"e71edf2\" data-element_type=\"widget\" data-widget_type=\"heading.default\">\n\t\t\t\t<div class=\"elementor-widget-container\">\n\t\t\t<style>\/*! elementor - v3.6.6 - 08-06-2022 *\/\n.elementor-heading-title{padding:0;margin:0;line-height:1}.elementor-widget-heading .elementor-heading-title[class*=elementor-size-]>a{color:inherit;font-size:inherit;line-height:inherit}.elementor-widget-heading .elementor-heading-title.elementor-size-small{font-size:15px}.elementor-widget-heading .elementor-heading-title.elementor-size-medium{font-size:19px}.elementor-widget-heading .elementor-heading-title.elementor-size-large{font-size:29px}.elementor-widget-heading .elementor-heading-title.elementor-size-xl{font-size:39px}.elementor-widget-heading .elementor-heading-title.elementor-size-xxl{font-size:59px}<\/style><h2 class=\"elementor-heading-title elementor-size-default\">Erstattungspolitik<\/h2>\t\t<\/div>\n\t\t\t\t<\/div>\n\t\t\t\t<section class=\"elementor-section elementor-inner-section elementor-element elementor-element-9cfda0c elementor-section-boxed elementor-section-height-default elementor-section-height-default\" data-id=\"9cfda0c\" data-element_type=\"section\" data-settings=\"{&quot;background_background&quot;:&quot;classic&quot;}\">\n\t\t\t\t\t\t<div class=\"elementor-container elementor-column-gap-default\">\n\t\t\t\t\t<div class=\"elementor-column elementor-col-100 elementor-inner-column elementor-element elementor-element-886837e\" data-id=\"886837e\" data-element_type=\"column\">\n\t\t\t<div class=\"elementor-widget-wrap elementor-element-populated\">\n\t\t\t\t\t\t\t\t<div class=\"elementor-element elementor-element-a2e1e76 elementor-widget elementor-widget-heading\" data-id=\"a2e1e76\" data-element_type=\"widget\" data-widget_type=\"heading.default\">\n\t\t\t\t<div class=\"elementor-widget-container\">\n\t\t\t<h2 class=\"elementor-heading-title elementor-size-default\">Einf\u00fchrung<\/h2>\t\t<\/div>\n\t\t\t\t<\/div>\n\t\t\t\t<div class=\"elementor-element elementor-element-a4d34f1 elementor-widget elementor-widget-text-editor\" data-id=\"a4d34f1\" data-element_type=\"widget\" data-widget_type=\"text-editor.default\">\n\t\t\t\t<div class=\"elementor-widget-container\">\n\t\t\t<style>\/*! elementor - v3.6.6 - 08-06-2022 *\/\n.elementor-widget-text-editor.elementor-drop-cap-view-stacked .elementor-drop-cap{background-color:#818a91;color:#fff}.elementor-widget-text-editor.elementor-drop-cap-view-framed .elementor-drop-cap{color:#818a91;border:3px solid;background-color:transparent}.elementor-widget-text-editor:not(.elementor-drop-cap-view-default) .elementor-drop-cap{margin-top:8px}.elementor-widget-text-editor:not(.elementor-drop-cap-view-default) .elementor-drop-cap-letter{width:1em;height:1em}.elementor-widget-text-editor .elementor-drop-cap{float:left;text-align:center;line-height:1;font-size:50px}.elementor-widget-text-editor .elementor-drop-cap-letter{display:inline-block}<\/style>\t\t\t\t<p>MYNEQUE PTY LTD hat es sich zur Aufgabe gemacht, robuste Cybersicherheitsl\u00f6sungen anzubieten, um Ihr Unternehmen in der digitalen Welt zu sch\u00fctzen. Unser Ziel ist es, umfassende Dienstleistungen anzubieten, die Ihr Unternehmen in die Lage versetzen, sich sicher im Cyberspace zu bewegen. Diese R\u00fcckerstattungsrichtlinie beschreibt die Umst\u00e4nde, unter denen eine R\u00fcckerstattung m\u00f6glich ist, und verdeutlicht unser Engagement f\u00fcr die Zufriedenheit unserer Kunden.<\/p>\t\t\t\t\t\t<\/div>\n\t\t\t\t<\/div>\n\t\t\t\t<div class=\"elementor-element elementor-element-7f522cf elementor-widget elementor-widget-heading\" data-id=\"7f522cf\" data-element_type=\"widget\" data-widget_type=\"heading.default\">\n\t\t\t\t<div class=\"elementor-widget-container\">\n\t\t\t<h2 class=\"elementor-heading-title elementor-size-default\">Warum eine Erstattung nicht m\u00f6glich ist<\/h2>\t\t<\/div>\n\t\t\t\t<\/div>\n\t\t\t\t<div class=\"elementor-element elementor-element-ae8a918 elementor-widget elementor-widget-text-editor\" data-id=\"ae8a918\" data-element_type=\"widget\" data-widget_type=\"text-editor.default\">\n\t\t\t\t<div class=\"elementor-widget-container\">\n\t\t\t\t\t\t\t<p>MYNEQUE PTY LTD ist im Bereich der digitalen Dienstleistungen t\u00e4tig, wo die Bereitstellung und Implementierung von Cybersicherheitsl\u00f6sungen sofortige und fortlaufende Anstrengungen erfordert. In Anbetracht der Art unserer Dienstleistungen halten wir uns in den folgenden F\u00e4llen an eine Politik der Nicht-R\u00fcckerstattung:<\/p>\t\t\t\t\t\t<\/div>\n\t\t\t\t<\/div>\n\t\t\t\t<div class=\"elementor-element elementor-element-07a8b93 elementor-widget elementor-widget-heading\" data-id=\"07a8b93\" data-element_type=\"widget\" data-widget_type=\"heading.default\">\n\t\t\t\t<div class=\"elementor-widget-container\">\n\t\t\t<h2 class=\"elementor-heading-title elementor-size-default\">Bereitstellung digitaler Dienste<\/h2>\t\t<\/div>\n\t\t\t\t<\/div>\n\t\t\t\t<div class=\"elementor-element elementor-element-d8629bc elementor-widget elementor-widget-text-editor\" data-id=\"d8629bc\" data-element_type=\"widget\" data-widget_type=\"text-editor.default\">\n\t\t\t\t<div class=\"elementor-widget-container\">\n\t\t\t\t\t\t\t<p>Sobald unsere Cybersicherheitsdienste f\u00fcr Ihr Unternehmen eingesetzt oder initiiert wurden, k\u00f6nnen wir diese Ma\u00dfnahmen aufgrund der Natur digitaler L\u00f6sungen nicht mehr wirksam zur\u00fccknehmen oder r\u00fcckg\u00e4ngig machen.\u00a0<\/p>\t\t\t\t\t\t<\/div>\n\t\t\t\t<\/div>\n\t\t\t\t<div class=\"elementor-element elementor-element-7c1b8ea elementor-widget elementor-widget-heading\" data-id=\"7c1b8ea\" data-element_type=\"widget\" data-widget_type=\"heading.default\">\n\t\t\t\t<div class=\"elementor-widget-container\">\n\t\t\t<h2 class=\"elementor-heading-title elementor-size-default\">Kontinuierliche \u00dcberwachung und Schutz<\/h2>\t\t<\/div>\n\t\t\t\t<\/div>\n\t\t\t\t<div class=\"elementor-element elementor-element-db9c077 elementor-widget elementor-widget-text-editor\" data-id=\"db9c077\" data-element_type=\"widget\" data-widget_type=\"text-editor.default\">\n\t\t\t\t<div class=\"elementor-widget-container\">\n\t\t\t\t\t\t\t<p>Unser Engagement f\u00fcr kontinuierliche \u00dcberwachung und Schutz bedeutet, dass Ressourcen und Anstrengungen in Echtzeit investiert werden, um Ihren Cyberspace zu sichern. Daher k\u00f6nnen keine R\u00fcckerstattungen f\u00fcr die aktiv erbrachten Leistungen erfolgen.<\/p>\t\t\t\t\t\t<\/div>\n\t\t\t\t<\/div>\n\t\t\t\t<div class=\"elementor-element elementor-element-4e9db21 elementor-widget elementor-widget-heading\" data-id=\"4e9db21\" data-element_type=\"widget\" data-widget_type=\"heading.default\">\n\t\t\t\t<div class=\"elementor-widget-container\">\n\t\t\t<h2 class=\"elementor-heading-title elementor-size-default\">In welchen F\u00e4llen die Erstattung m\u00f6glich ist<\/h2>\t\t<\/div>\n\t\t\t\t<\/div>\n\t\t\t\t<div class=\"elementor-element elementor-element-3782c65 elementor-widget elementor-widget-text-editor\" data-id=\"3782c65\" data-element_type=\"widget\" data-widget_type=\"text-editor.default\">\n\t\t\t\t<div class=\"elementor-widget-container\">\n\t\t\t\t\t\t\t<p>Erstattungen werden nur unter den folgenden Umst\u00e4nden in Betracht gezogen:\u00a0<br \/><br \/><\/p><ul><li>Zahlungsfehler: Integral Safe erstattet den zu viel gezahlten Betrag, wenn eine Zahlung den angegebenen Rechnungsbetrag \u00fcbersteigt. Ma\u00dfnahmen: Kunden m\u00fcssen unser Support-Team unter folgender Adresse benachrichtigen <span style=\"text-decoration: underline; color: #124edc;\"><a style=\"color: #124edc; text-decoration: underline;\" href=\"mailto:info@integral-safe.com\">info@integral-safe.com<\/a><\/span> innerhalb von 7 Werktagen nach der \u00dcberzahlung. Nach \u00dcberpr\u00fcfung wird die Erstattung umgehend bearbeitet.<\/li><li>Technische Fehler: Wenn technische Fehler zu doppelten Zahlungen f\u00fchren, wird Integral Safe eine R\u00fcckerstattung f\u00fcr die zus\u00e4tzliche Zahlung veranlassen. Ma\u00dfnahmen: Kunden m\u00fcssen die technische St\u00f6rung an unser Kundendienstteam unter folgender Adresse melden <span style=\"text-decoration: underline; color: #124edc;\"><a style=\"color: #124edc; text-decoration: underline;\" href=\"mailto:info@integral-safe.com\">info@integral-safe.com<\/a><\/span> innerhalb von 7 Werktagen. Nach eingehender Pr\u00fcfung wird die Nachzahlung umgehend zur\u00fcckerstattet.<\/li><\/ul>\t\t\t\t\t\t<\/div>\n\t\t\t\t<\/div>\n\t\t\t\t<div class=\"elementor-element elementor-element-8f78a1d elementor-widget elementor-widget-heading\" data-id=\"8f78a1d\" data-element_type=\"widget\" data-widget_type=\"heading.default\">\n\t\t\t\t<div class=\"elementor-widget-container\">\n\t\t\t<h2 class=\"elementor-heading-title elementor-size-default\">Erstattungsbedingungen<\/h2>\t\t<\/div>\n\t\t\t\t<\/div>\n\t\t\t\t<div class=\"elementor-element elementor-element-2533f36 elementor-widget elementor-widget-text-editor\" data-id=\"2533f36\" data-element_type=\"widget\" data-widget_type=\"text-editor.default\">\n\t\t\t\t<div class=\"elementor-widget-container\">\n\t\t\t\t\t\t\t<p>Erstattungsantr\u00e4ge m\u00fcssen innerhalb von 7 Werktagen nach dem jeweiligen Zahlungsdatum eingereicht werden.<br \/>Erstattungen werden in der urspr\u00fcnglichen Zahlungsform bearbeitet.<\/p>\t\t\t\t\t\t<\/div>\n\t\t\t\t<\/div>\n\t\t\t\t<div class=\"elementor-element elementor-element-a8fa1ea elementor-widget elementor-widget-heading\" data-id=\"a8fa1ea\" data-element_type=\"widget\" data-widget_type=\"heading.default\">\n\t\t\t\t<div class=\"elementor-widget-container\">\n\t\t\t<h2 class=\"elementor-heading-title elementor-size-default\">Kontakt<\/h2>\t\t<\/div>\n\t\t\t\t<\/div>\n\t\t\t\t<div class=\"elementor-element elementor-element-18dab07 elementor-widget elementor-widget-text-editor\" data-id=\"18dab07\" data-element_type=\"widget\" data-widget_type=\"text-editor.default\">\n\t\t\t\t<div class=\"elementor-widget-container\">\n\t\t\t\t\t\t\t<p>Bei Fragen zur R\u00fcckerstattung oder zur Meldung von Zahlungsfehlern und technischen Fehlern k\u00f6nnen Sie sich jederzeit mit uns in Verbindung setzen:<\/p><ul><li>E-Mail:<span style=\"text-decoration: underline; color: #124edc;\"> <a style=\"color: #124edc; text-decoration: underline;\" href=\"mailto:info@integral-safe.com\">info@integral-safe.com<\/a><\/span><\/li><li>Rufnummer: <span style=\"text-decoration: underline; color: #124edc;\"><a style=\"color: #124edc; text-decoration: underline;\" href=\"tel: 27213004675\">+27213004675<\/a><\/span><\/li><li>Besuchen Sie unsere Seite Kontakte: <span style=\"text-decoration: underline; color: #124edc;\"><span style=\"text-decoration: underline; color: #124edc;\"><a style=\"color: #124edc; text-decoration: underline;\" href=\"https:\/\/integral-safe.com\/de\/contacts\/\">https:\/\/integral-safe.com\/contacts\/<\/a><\/span><\/span><\/li><\/ul>\t\t\t\t\t\t<\/div>\n\t\t\t\t<\/div>\n\t\t\t\t\t<\/div>\n\t\t<\/div>\n\t\t\t\t\t\t\t<\/div>\n\t\t<\/section>\n\t\t\t\t\t<\/div>\n\t\t<\/div>\n\t\t\t\t\t\t\t<\/div>\n\t\t<\/section>\n\t\t\t\t\t\t\t<\/div>","protected":false},"excerpt":{"rendered":"<p>R\u00fcckerstattungsrichtlinie Einleitung Wir von MYNEQUE PTY LTD haben uns verpflichtet, robuste Cybersicherheitsl\u00f6sungen anzubieten, um Ihr Unternehmen in der digitalen Welt zu sch\u00fctzen. Unser Ziel ist es, umfassende Dienstleistungen anzubieten, die Ihr Unternehmen in die Lage versetzen, sich sicher im Cyberspace zu bewegen. Diese R\u00fcckerstattungsrichtlinie beschreibt die Umst\u00e4nde, unter denen eine R\u00fcckerstattung m\u00f6glich ist, und schafft ein klares Verst\u00e4ndnis f\u00fcr [...]<\/p>","protected":false},"author":1,"featured_media":0,"parent":0,"menu_order":0,"comment_status":"closed","ping_status":"closed","template":"elementor_header_footer","meta":{"_monsterinsights_skip_tracking":false,"_monsterinsights_sitenote_active":false,"_monsterinsights_sitenote_note":"","_monsterinsights_sitenote_category":0,"footnotes":""},"class_list":["post-3542","page","type-page","status-publish","hentry"],"yoast_head":"<!-- This site is optimized with the Yoast SEO plugin v19.1 - https:\/\/yoast.com\/wordpress\/plugins\/seo\/ -->\n<title>Refund Policy - Integral Safe<\/title>\n<meta name=\"robots\" content=\"index, follow, max-snippet:-1, max-image-preview:large, max-video-preview:-1\" \/>\n<link rel=\"canonical\" href=\"https:\/\/integral-safe.com\/de\/refund-policy\/\" \/>\n<meta property=\"og:locale\" content=\"de_DE\" \/>\n<meta property=\"og:type\" content=\"article\" \/>\n<meta property=\"og:title\" content=\"Refund Policy - Integral Safe\" \/>\n<meta property=\"og:description\" content=\"Refund Policy Introduction At MYNEQUE PTY LTD, we are committed to providing robust cybersecurity solutions to safeguard your business in the digital landscape. Our mission is to offer comprehensive services that empower your company to navigate cyberspace securely. This refund policy outlines the circumstances under which refunds are possible and establishes a clear understanding of [&hellip;]\" \/>\n<meta property=\"og:url\" content=\"https:\/\/integral-safe.com\/de\/refund-policy\/\" \/>\n<meta property=\"og:site_name\" content=\"Integral Safe\" \/>\n<meta property=\"article:modified_time\" content=\"2024-01-31T16:59:23+00:00\" \/>\n<meta property=\"og:image\" content=\"https:\/\/integral-safe.com\/wp-content\/uploads\/2024\/01\/Group-15.png\" \/>\n<meta name=\"twitter:card\" content=\"summary_large_image\" \/>\n<meta name=\"twitter:label1\" content=\"Gesch\u00e4tzte Lesezeit\" \/>\n\t<meta name=\"twitter:data1\" content=\"3\u00a0Minuten\" \/>\n<script type=\"application\/ld+json\" class=\"yoast-schema-graph\">{\"@context\":\"https:\/\/schema.org\",\"@graph\":[{\"@type\":\"WebSite\",\"@id\":\"https:\/\/integral-safe.com\/#website\",\"url\":\"https:\/\/integral-safe.com\/\",\"name\":\"Integral Safe\",\"description\":\"\",\"potentialAction\":[{\"@type\":\"SearchAction\",\"target\":{\"@type\":\"EntryPoint\",\"urlTemplate\":\"https:\/\/integral-safe.com\/?s={search_term_string}\"},\"query-input\":\"required name=search_term_string\"}],\"inLanguage\":\"de\"},{\"@type\":\"ImageObject\",\"inLanguage\":\"de\",\"@id\":\"https:\/\/integral-safe.com\/refund-policy\/#primaryimage\",\"url\":\"https:\/\/integral-safe.com\/wp-content\/uploads\/2024\/01\/Group-15.png\",\"contentUrl\":\"https:\/\/integral-safe.com\/wp-content\/uploads\/2024\/01\/Group-15.png\",\"width\":1001,\"height\":446},{\"@type\":\"WebPage\",\"@id\":\"https:\/\/integral-safe.com\/refund-policy\/#webpage\",\"url\":\"https:\/\/integral-safe.com\/refund-policy\/\",\"name\":\"Refund Policy - Integral Safe\",\"isPartOf\":{\"@id\":\"https:\/\/integral-safe.com\/#website\"},\"primaryImageOfPage\":{\"@id\":\"https:\/\/integral-safe.com\/refund-policy\/#primaryimage\"},\"datePublished\":\"2024-01-15T17:04:20+00:00\",\"dateModified\":\"2024-01-31T16:59:23+00:00\",\"breadcrumb\":{\"@id\":\"https:\/\/integral-safe.com\/refund-policy\/#breadcrumb\"},\"inLanguage\":\"de\",\"potentialAction\":[{\"@type\":\"ReadAction\",\"target\":[\"https:\/\/integral-safe.com\/refund-policy\/\"]}]},{\"@type\":\"BreadcrumbList\",\"@id\":\"https:\/\/integral-safe.com\/refund-policy\/#breadcrumb\",\"itemListElement\":[{\"@type\":\"ListItem\",\"position\":1,\"name\":\"Home\",\"item\":\"https:\/\/integral-safe.com\/\"},{\"@type\":\"ListItem\",\"position\":2,\"name\":\"Refund Policy\"}]}]}<\/script>\n<!-- \/ Yoast SEO plugin. -->","yoast_head_json":{"title":"Refund Policy - Integral Safe","robots":{"index":"index","follow":"follow","max-snippet":"max-snippet:-1","max-image-preview":"max-image-preview:large","max-video-preview":"max-video-preview:-1"},"canonical":"https:\/\/integral-safe.com\/de\/refund-policy\/","og_locale":"de_DE","og_type":"article","og_title":"Refund Policy - Integral Safe","og_description":"Refund Policy Introduction At MYNEQUE PTY LTD, we are committed to providing robust cybersecurity solutions to safeguard your business in the digital landscape. Our mission is to offer comprehensive services that empower your company to navigate cyberspace securely. This refund policy outlines the circumstances under which refunds are possible and establishes a clear understanding of [&hellip;]","og_url":"https:\/\/integral-safe.com\/de\/refund-policy\/","og_site_name":"Integral Safe","article_modified_time":"2024-01-31T16:59:23+00:00","og_image":[{"url":"https:\/\/integral-safe.com\/wp-content\/uploads\/2024\/01\/Group-15.png"}],"twitter_card":"summary_large_image","twitter_misc":{"Gesch\u00e4tzte Lesezeit":"3\u00a0Minuten"},"schema":{"@context":"https:\/\/schema.org","@graph":[{"@type":"WebSite","@id":"https:\/\/integral-safe.com\/#website","url":"https:\/\/integral-safe.com\/","name":"Integral Safe","description":"","potentialAction":[{"@type":"SearchAction","target":{"@type":"EntryPoint","urlTemplate":"https:\/\/integral-safe.com\/?s={search_term_string}"},"query-input":"required name=search_term_string"}],"inLanguage":"de"},{"@type":"ImageObject","inLanguage":"de","@id":"https:\/\/integral-safe.com\/refund-policy\/#primaryimage","url":"https:\/\/integral-safe.com\/wp-content\/uploads\/2024\/01\/Group-15.png","contentUrl":"https:\/\/integral-safe.com\/wp-content\/uploads\/2024\/01\/Group-15.png","width":1001,"height":446},{"@type":"WebPage","@id":"https:\/\/integral-safe.com\/refund-policy\/#webpage","url":"https:\/\/integral-safe.com\/refund-policy\/","name":"Refund Policy - Integral Safe","isPartOf":{"@id":"https:\/\/integral-safe.com\/#website"},"primaryImageOfPage":{"@id":"https:\/\/integral-safe.com\/refund-policy\/#primaryimage"},"datePublished":"2024-01-15T17:04:20+00:00","dateModified":"2024-01-31T16:59:23+00:00","breadcrumb":{"@id":"https:\/\/integral-safe.com\/refund-policy\/#breadcrumb"},"inLanguage":"de","potentialAction":[{"@type":"ReadAction","target":["https:\/\/integral-safe.com\/refund-policy\/"]}]},{"@type":"BreadcrumbList","@id":"https:\/\/integral-safe.com\/refund-policy\/#breadcrumb","itemListElement":[{"@type":"ListItem","position":1,"name":"Home","item":"https:\/\/integral-safe.com\/"},{"@type":"ListItem","position":2,"name":"Refund Policy"}]}]}},"_links":{"self":[{"href":"https:\/\/integral-safe.com\/de\/wp-json\/wp\/v2\/pages\/3542"}],"collection":[{"href":"https:\/\/integral-safe.com\/de\/wp-json\/wp\/v2\/pages"}],"about":[{"href":"https:\/\/integral-safe.com\/de\/wp-json\/wp\/v2\/types\/page"}],"author":[{"embeddable":true,"href":"https:\/\/integral-safe.com\/de\/wp-json\/wp\/v2\/users\/1"}],"replies":[{"embeddable":true,"href":"https:\/\/integral-safe.com\/de\/wp-json\/wp\/v2\/comments?post=3542"}],"version-history":[{"count":43,"href":"https:\/\/integral-safe.com\/de\/wp-json\/wp\/v2\/pages\/3542\/revisions"}],"predecessor-version":[{"id":3632,"href":"https:\/\/integral-safe.com\/de\/wp-json\/wp\/v2\/pages\/3542\/revisions\/3632"}],"wp:attachment":[{"href":"https:\/\/integral-safe.com\/de\/wp-json\/wp\/v2\/media?parent=3542"}],"curies":[{"name":"wp","href":"https:\/\/api.w.org\/{rel}","templated":true}]}}